{"id":151,"date":"2024-02-21T17:25:24","date_gmt":"2024-02-21T21:25:24","guid":{"rendered":"https:\/\/equippingmyhouse.com\/es\/?page_id=151"},"modified":"2024-02-22T13:50:29","modified_gmt":"2024-02-22T17:50:29","slug":"aviso-legal","status":"publish","type":"page","link":"https:\/\/equippingmyhouse.com\/es\/aviso-legal\/","title":{"rendered":"Aviso Legal"},"content":{"rendered":"<div id=\"ez-toc-container\" class=\"ez-toc-v2_0_65 ez-toc-wrap-center counter-hierarchy ez-toc-counter ez-toc-custom ez-toc-container-direction\">\n<div class=\"ez-toc-title-container\">\n<p class=\"ez-toc-title \" >Contenidos:<\/p>\n<span class=\"ez-toc-title-toggle\"><a href=\"#\" class=\"ez-toc-pull-right ez-toc-btn ez-toc-btn-xs ez-toc-btn-default ez-toc-toggle\" aria-label=\"Toggle Table of Content\"><span class=\"ez-toc-js-icon-con\"><span class=\"\"><span class=\"eztoc-hide\" style=\"display:none;\">Toggle<\/span><span class=\"ez-toc-icon-toggle-span\"><svg style=\"fill: #f14d01;color:#f14d01\" xmlns=\"http:\/\/www.w3.org\/2000\/svg\" class=\"list-377408\" width=\"20px\" height=\"20px\" viewBox=\"0 0 24 24\" fill=\"none\"><path d=\"M6 6H4v2h2V6zm14 0H8v2h12V6zM4 11h2v2H4v-2zm16 0H8v2h12v-2zM4 16h2v2H4v-2zm16 0H8v2h12v-2z\" fill=\"currentColor\"><\/path><\/svg><svg style=\"fill: #f14d01;color:#f14d01\" class=\"arrow-unsorted-368013\" xmlns=\"http:\/\/www.w3.org\/2000\/svg\" width=\"10px\" height=\"10px\" viewBox=\"0 0 24 24\" version=\"1.2\" baseProfile=\"tiny\"><path d=\"M18.2 9.3l-6.2-6.3-6.2 6.3c-.2.2-.3.4-.3.7s.1.5.3.7c.2.2.4.3.7.3h11c.3 0 .5-.1.7-.3.2-.2.3-.5.3-.7s-.1-.5-.3-.7zM5.8 14.7l6.2 6.3 6.2-6.3c.2-.2.3-.5.3-.7s-.1-.5-.3-.7c-.2-.2-.4-.3-.7-.3h-11c-.3 0-.5.1-.7.3-.2.2-.3.5-.3.7s.1.5.3.7z\"\/><\/svg><\/span><\/span><\/span><\/a><\/span><\/div>\n<nav><ul class='ez-toc-list ez-toc-list-level-1 ' ><li class='ez-toc-page-1 ez-toc-heading-level-2'><a class=\"ez-toc-link ez-toc-heading-1\" href=\"https:\/\/equippingmyhouse.com\/es\/aviso-legal\/#1_INFORMACION_PERSONAL_Y_FISCAL_DEL_RESPONSABLE_DE_LA_WEB\" title=\"1. INFORMACI\u00d3N PERSONAL Y FISCAL DEL RESPONSABLE DE LA WEB\">1. INFORMACI\u00d3N PERSONAL Y FISCAL DEL RESPONSABLE DE LA WEB<\/a><\/li><li class='ez-toc-page-1 ez-toc-heading-level-2'><a class=\"ez-toc-link ez-toc-heading-2\" href=\"https:\/\/equippingmyhouse.com\/es\/aviso-legal\/#2_FORMA_DE_INGRESOS\" title=\"2. FORMA DE INGRESOS\">2. FORMA DE INGRESOS<\/a><ul class='ez-toc-list-level-4' ><li class='ez-toc-heading-level-4'><ul class='ez-toc-list-level-4' ><li class='ez-toc-heading-level-4'><a class=\"ez-toc-link ez-toc-heading-3\" href=\"https:\/\/equippingmyhouse.com\/es\/aviso-legal\/#Publicidad\" title=\"Publicidad\">Publicidad<\/a><\/li><li class='ez-toc-page-1 ez-toc-heading-level-4'><a class=\"ez-toc-link ez-toc-heading-4\" href=\"https:\/\/equippingmyhouse.com\/es\/aviso-legal\/#Afiliacion\" title=\"Afiliaci\u00f3n\">Afiliaci\u00f3n<\/a><\/li><li class='ez-toc-page-1 ez-toc-heading-level-4'><a class=\"ez-toc-link ez-toc-heading-5\" href=\"https:\/\/equippingmyhouse.com\/es\/aviso-legal\/#Venta_de_servicios\" title=\"Venta de servicios\">Venta de servicios<\/a><\/li><li class='ez-toc-page-1 ez-toc-heading-level-4'><a class=\"ez-toc-link ez-toc-heading-6\" href=\"https:\/\/equippingmyhouse.com\/es\/aviso-legal\/#Terminos_de_uso\" title=\"T\u00e9rminos de uso\">T\u00e9rminos de uso<\/a><\/li><\/ul><\/li><\/ul><\/li><\/ul><\/nav><\/div>\n\n\n\n\n<p>El presente <strong>AVISO LEGAL<\/strong> regula los derechos y obligaciones de <strong>equippingmyhouse.com<\/strong> y de los usuarios, en relaci\u00f3n al acceso, navegaci\u00f3n y utilizaci\u00f3n de la presente web sin perjuicio de que <strong>equippingmyhouse.com<\/strong> se reserve el derecho a modificar, sin previo aviso, su contenido, siendo vigentes las que se encuentren publicadas en el momento de navegaci\u00f3n.<\/p>\n\n\n\n<p>Mediante la navegaci\u00f3n, visualizaci\u00f3n y uso de esta web adquieres la condici\u00f3n de usuario, y por tanto implica por tu parte la aceptaci\u00f3n expresa de todas las cl\u00e1usulas que indicamos en el presente Aviso Legal, as\u00ed como el resto de advertencias o cl\u00e1usulas espec\u00edficas que se establezcan en las diferentes secciones para la contrataci\u00f3n, uso de servicios, productos, inscripciones, o secciones de la P\u00e1gina.<\/p>\n\n\n\n<p>Por lo que, en caso de no aceptar las cl\u00e1usulas establecidas en el presente Aviso Legal, deber\u00e1s abstenerte de acceder y\/o utilizar los servicios y\/o contenidos puestos a tu disposici\u00f3n en la P\u00e1gina, procediendo a abandonar la misma.<\/p>\n\n\n\n<p><strong>equippingmyhouse.com<\/strong> podr\u00e1 dar por terminado, suspender o interrumpir, en cualquier momento sin necesidad de previo aviso, el acceso a los contenidos de la p\u00e1gina, sin posibilidad por parte del Usuario de exigir indemnizaci\u00f3n alguna. No obstante, en el caso de cierre de la plataforma, se tratar\u00e1 de devolver todo pago que se haya realizado por suscripciones anuales no completadas.<\/p>\n\n\n\n<h2 class=\"wp-block-heading\" id=\"h-1-informacion-personal-y-fiscal-del-responsable-de-la-web\"><span class=\"ez-toc-section\" id=\"1_INFORMACION_PERSONAL_Y_FISCAL_DEL_RESPONSABLE_DE_LA_WEB\"><\/span>1. INFORMACI\u00d3N PERSONAL Y FISCAL DEL RESPONSABLE DE LA WEB<span class=\"ez-toc-section-end\"><\/span><\/h2>\n\n\n\n<figure class=\"wp-block-image size-full\"><img fetchpriority=\"high\" decoding=\"async\" width=\"812\" height=\"184\" src=\"https:\/\/equippingmyhouse.com\/es\/wp-content\/uploads\/2024\/02\/datos-personales.png\" alt=\"\" class=\"wp-image-147\" srcset=\"https:\/\/equippingmyhouse.com\/es\/wp-content\/uploads\/2024\/02\/datos-personales.png 812w, https:\/\/equippingmyhouse.com\/es\/wp-content\/uploads\/2024\/02\/datos-personales-300x68.png 300w, https:\/\/equippingmyhouse.com\/es\/wp-content\/uploads\/2024\/02\/datos-personales-768x174.png 768w\" sizes=\"(max-width: 812px) 100vw, 812px\" \/><\/figure>\n\n\n\n<h2 class=\"wp-block-heading\" id=\"h-2-forma-de-ingresos\"><span class=\"ez-toc-section\" id=\"2_FORMA_DE_INGRESOS\"><\/span>2. FORMA DE INGRESOS<span class=\"ez-toc-section-end\"><\/span><\/h2>\n\n\n\n<p>equippingmyhouse.com obtiene ingresos de m\u00faltiples formas.<\/p>\n\n\n\n<h4 class=\"wp-block-heading\" id=\"h-publicidad\"><span class=\"ez-toc-section\" id=\"Publicidad\"><\/span>Publicidad<span class=\"ez-toc-section-end\"><\/span><\/h4>\n\n\n\n<p>equippingmyhouse.com utiliza anuncios de Adsense.<\/p>\n\n\n\n<h4 class=\"wp-block-heading\" id=\"h-afiliacion\"><span class=\"ez-toc-section\" id=\"Afiliacion\"><\/span>Afiliaci\u00f3n<span class=\"ez-toc-section-end\"><\/span><\/h4>\n\n\n\n<p>\u00bfQu\u00e9 es la afiliaci\u00f3n y qu\u00e9 un enlace de afiliado? \u00bfEn qu\u00e9 consiste?<\/p>\n\n\n\n<p>La afiliaci\u00f3n es un contrato entre dos partes por la cual una, que ofrece un producto o servicio, permite que la otra parte publicite este producto o servicio a cambio de una comisi\u00f3n o beneficio econ\u00f3mico. Esta comisi\u00f3n o beneficio econ\u00f3mico es entregado de la primera a la segunda parte cuando se verifique que la segunda parte ha sido la encargada de favorecer la venta. Esta verificaci\u00f3n puede ser en forma de un cup\u00f3n especial, de un enlace que instale una cookie informativa en la m\u00e1quina del cliente o de alguna otra forma similar.<\/p>\n\n\n\n<p>Este beneficio econ\u00f3mico se da sin ning\u00fan perjuicio al precio del producto, por lo que el cliente final no experimentar\u00e1 en ning\u00fan caso un encarecimiento del bien.<\/p>\n\n\n\n<p>En equippingmyhouse.com podr\u00e1s encontrar enlaces de afiliaci\u00f3n de las siguientes plataformas:<\/p>\n\n\n\n<ul class=\"wp-block-list\">\n<li>Buyatext.com: cuyos t\u00e9rminos legales pueden ser encontrados en https:\/\/buyatext.com\/aviso-legal\/<\/li>\n\n\n\n<li>Prensarank: cuyos t\u00e9rminos legales pueden ser encontrados en https:\/\/prensarank.com\/aviso-legal\/<\/li>\n\n\n\n<li>Unancor: cuyos t\u00e9rminos legales pueden ser encontrados en https:\/\/www.unancor.com\/aviso-legal\/<\/li>\n\n\n\n<li>CJ Affiliate: cuyos t\u00e9rminos legales pueden ser encontrados en https:\/\/www.cj.com\/legal\/terms<\/li>\n\n\n\n<li>Nicalia: cuyos t\u00e9rminos legales pueden ser encontrados en https:\/\/www.nicalia.com\/nosotros\/aviso-legal<\/li>\n\n\n\n<li>Amazon Affiliates: cuyos t\u00e9rminos legales pueden ser encontrados en https:\/\/afiliados.amazon.es\/help\/operating\/policies<\/li>\n<\/ul>\n\n\n\n<h4 class=\"wp-block-heading\" id=\"h-venta-de-servicios\"><span class=\"ez-toc-section\" id=\"Venta_de_servicios\"><\/span>Venta de servicios<span class=\"ez-toc-section-end\"><\/span><\/h4>\n\n\n\n<p>En equippingmyhouse.com no se pueden contratar ciertos servicios o iniciar un acuerdo comercial v\u00eda correo electr\u00f3nico.<\/p>\n\n\n\n<h4 class=\"wp-block-heading\" id=\"h-terminos-de-uso\"><span class=\"ez-toc-section\" id=\"Terminos_de_uso\"><\/span>T\u00e9rminos de uso<span class=\"ez-toc-section-end\"><\/span><\/h4>\n\n\n\n<ol class=\"wp-block-list\">\n<li>Si navega por esta web acepta t\u00e1citamente los t\u00e9rminos de uso y los t\u00e9rminos de privacidad, as\u00ed como declara haber le\u00eddo el aviso legal.<\/li>\n\n\n\n<li>Ni esta web ni sus representantes legales se hacen responsables ni del contenido ni de la veracidad de las pol\u00edticas de privacidad que puedan tener servicios terceros ajenos a esta web.<\/li>\n\n\n\n<li>Queda expresamente prohibida la copia o transcripci\u00f3n completa o parcial de cualquier texto de esta web para cualquier uso. Los textos de esta web est\u00e1n hechos s\u00f3lo para ser le\u00eddos, abst\u00e9nganse de usarlos para cualquier otro fin.<\/li>\n\n\n\n<li>Queda expresamente prohibida la copia o descarga de las im\u00e1genes de esta web.<\/li>\n\n\n\n<li>No est\u00e1 permitido el hotlinking de las im\u00e1genes de esta web.<\/li>\n\n\n\n<li>S\u00ed est\u00e1 permitido copiar y utilizar las estructuras HTML y estilos CSS utilizados en esta web, siempre que sea de forma parcial y nunca la totalidad del formato generando una web id\u00e9ntica a esta misma.<\/li>\n\n\n\n<li>En el caso de incumplimiento de estas condiciones, nos podemos ver obligados a tomar las medidas legales oportunas.<\/li>\n<\/ol>\n","protected":false},"excerpt":{"rendered":"<p>El presente AVISO LEGAL regula los derechos y obligaciones de equippingmyhouse.com y de los usuarios, en relaci\u00f3n al acceso, navegaci\u00f3n y utilizaci\u00f3n de la presente web sin perjuicio de que equippingmyhouse.com se reserve el derecho a modificar, sin previo aviso, su contenido, siendo vigentes las que se encuentren publicadas en el momento de navegaci\u00f3n. Mediante &#8230; <a title=\"Aviso Legal\" class=\"read-more\" href=\"https:\/\/equippingmyhouse.com\/es\/aviso-legal\/\" aria-label=\"Leer m\u00e1s sobre Aviso Legal\">Leer m\u00e1s<\/a><\/p>\n","protected":false},"author":1,"featured_media":0,"parent":0,"menu_order":0,"comment_status":"closed","ping_status":"closed","template":"","meta":{"footnotes":""},"class_list":["post-151","page","type-page","status-publish"],"yoast_head":"<!-- This site is optimized with the Yoast SEO Premium plugin v21.4 (Yoast SEO v22.6) - https:\/\/yoast.com\/wordpress\/plugins\/seo\/ -->\n<title>Aviso Legal<\/title>\n<meta name=\"robots\" content=\"noindex, nofollow\" \/>\n<meta property=\"og:locale\" content=\"es_ES\" \/>\n<meta property=\"og:type\" content=\"article\" \/>\n<meta property=\"og:title\" content=\"Aviso Legal\" \/>\n<meta property=\"og:description\" content=\"El presente AVISO LEGAL regula los derechos y obligaciones de equippingmyhouse.com y de los usuarios, en relaci\u00f3n al acceso, navegaci\u00f3n y utilizaci\u00f3n de la presente web sin perjuicio de que equippingmyhouse.com se reserve el derecho a modificar, sin previo aviso, su contenido, siendo vigentes las que se encuentren publicadas en el momento de navegaci\u00f3n. Mediante ... Leer m\u00e1s\" \/>\n<meta property=\"og:url\" content=\"https:\/\/equippingmyhouse.com\/es\/aviso-legal\/\" \/>\n<meta property=\"og:site_name\" content=\"Equipping My House\" \/>\n<meta property=\"article:modified_time\" content=\"2024-02-22T17:50:29+00:00\" \/>\n<meta property=\"og:image\" content=\"https:\/\/equippingmyhouse.com\/es\/wp-content\/uploads\/2024\/02\/datos-personales.png\" \/>\n<meta name=\"twitter:card\" content=\"summary_large_image\" \/>\n<meta name=\"twitter:label1\" content=\"Tiempo de lectura\" \/>\n\t<meta name=\"twitter:data1\" content=\"4 minutos\" \/>\n<script type=\"application\/ld+json\" class=\"yoast-schema-graph\">{\"@context\":\"https:\/\/schema.org\",\"@graph\":[{\"@type\":\"WebPage\",\"@id\":\"https:\/\/equippingmyhouse.com\/es\/aviso-legal\/\",\"url\":\"https:\/\/equippingmyhouse.com\/es\/aviso-legal\/\",\"name\":\"Aviso Legal\",\"isPartOf\":{\"@id\":\"https:\/\/equippingmyhouse.com\/es\/#website\"},\"primaryImageOfPage\":{\"@id\":\"https:\/\/equippingmyhouse.com\/es\/aviso-legal\/#primaryimage\"},\"image\":{\"@id\":\"https:\/\/equippingmyhouse.com\/es\/aviso-legal\/#primaryimage\"},\"thumbnailUrl\":\"https:\/\/equippingmyhouse.com\/es\/wp-content\/uploads\/2024\/02\/datos-personales.png\",\"datePublished\":\"2024-02-21T21:25:24+00:00\",\"dateModified\":\"2024-02-22T17:50:29+00:00\",\"breadcrumb\":{\"@id\":\"https:\/\/equippingmyhouse.com\/es\/aviso-legal\/#breadcrumb\"},\"inLanguage\":\"es\",\"potentialAction\":[{\"@type\":\"ReadAction\",\"target\":[\"https:\/\/equippingmyhouse.com\/es\/aviso-legal\/\"]}]},{\"@type\":\"ImageObject\",\"inLanguage\":\"es\",\"@id\":\"https:\/\/equippingmyhouse.com\/es\/aviso-legal\/#primaryimage\",\"url\":\"https:\/\/equippingmyhouse.com\/es\/wp-content\/uploads\/2024\/02\/datos-personales.png\",\"contentUrl\":\"https:\/\/equippingmyhouse.com\/es\/wp-content\/uploads\/2024\/02\/datos-personales.png\",\"width\":812,\"height\":184},{\"@type\":\"BreadcrumbList\",\"@id\":\"https:\/\/equippingmyhouse.com\/es\/aviso-legal\/#breadcrumb\",\"itemListElement\":[{\"@type\":\"ListItem\",\"position\":1,\"name\":\"Portada\",\"item\":\"https:\/\/equippingmyhouse.com\/es\/\"},{\"@type\":\"ListItem\",\"position\":2,\"name\":\"Aviso Legal\"}]},{\"@type\":\"WebSite\",\"@id\":\"https:\/\/equippingmyhouse.com\/es\/#website\",\"url\":\"https:\/\/equippingmyhouse.com\/es\/\",\"name\":\"Equipping My House\",\"description\":\"\u00a1Por qu\u00e9 As\u00ed se ve mejor!\",\"publisher\":{\"@id\":\"https:\/\/equippingmyhouse.com\/es\/#organization\"},\"potentialAction\":[{\"@type\":\"SearchAction\",\"target\":{\"@type\":\"EntryPoint\",\"urlTemplate\":\"https:\/\/equippingmyhouse.com\/es\/?s={search_term_string}\"},\"query-input\":\"required name=search_term_string\"}],\"inLanguage\":\"es\"},{\"@type\":\"Organization\",\"@id\":\"https:\/\/equippingmyhouse.com\/es\/#organization\",\"name\":\"Equipping My House\",\"url\":\"https:\/\/equippingmyhouse.com\/es\/\",\"logo\":{\"@type\":\"ImageObject\",\"inLanguage\":\"es\",\"@id\":\"https:\/\/equippingmyhouse.com\/es\/#\/schema\/logo\/image\/\",\"url\":\"https:\/\/equippingmyhouse.com\/es\/wp-content\/uploads\/2024\/02\/cropped-equippingmyhouse-Logo2.webp\",\"contentUrl\":\"https:\/\/equippingmyhouse.com\/es\/wp-content\/uploads\/2024\/02\/cropped-equippingmyhouse-Logo2.webp\",\"width\":1882,\"height\":822,\"caption\":\"Equipping My House\"},\"image\":{\"@id\":\"https:\/\/equippingmyhouse.com\/es\/#\/schema\/logo\/image\/\"}}]}<\/script>\n<!-- \/ Yoast SEO Premium plugin. -->","yoast_head_json":{"title":"Aviso Legal","robots":{"index":"noindex","follow":"nofollow"},"og_locale":"es_ES","og_type":"article","og_title":"Aviso Legal","og_description":"El presente AVISO LEGAL regula los derechos y obligaciones de equippingmyhouse.com y de los usuarios, en relaci\u00f3n al acceso, navegaci\u00f3n y utilizaci\u00f3n de la presente web sin perjuicio de que equippingmyhouse.com se reserve el derecho a modificar, sin previo aviso, su contenido, siendo vigentes las que se encuentren publicadas en el momento de navegaci\u00f3n. Mediante ... Leer m\u00e1s","og_url":"https:\/\/equippingmyhouse.com\/es\/aviso-legal\/","og_site_name":"Equipping My House","article_modified_time":"2024-02-22T17:50:29+00:00","og_image":[{"url":"https:\/\/equippingmyhouse.com\/es\/wp-content\/uploads\/2024\/02\/datos-personales.png"}],"twitter_card":"summary_large_image","twitter_misc":{"Tiempo de lectura":"4 minutos"},"schema":{"@context":"https:\/\/schema.org","@graph":[{"@type":"WebPage","@id":"https:\/\/equippingmyhouse.com\/es\/aviso-legal\/","url":"https:\/\/equippingmyhouse.com\/es\/aviso-legal\/","name":"Aviso Legal","isPartOf":{"@id":"https:\/\/equippingmyhouse.com\/es\/#website"},"primaryImageOfPage":{"@id":"https:\/\/equippingmyhouse.com\/es\/aviso-legal\/#primaryimage"},"image":{"@id":"https:\/\/equippingmyhouse.com\/es\/aviso-legal\/#primaryimage"},"thumbnailUrl":"https:\/\/equippingmyhouse.com\/es\/wp-content\/uploads\/2024\/02\/datos-personales.png","datePublished":"2024-02-21T21:25:24+00:00","dateModified":"2024-02-22T17:50:29+00:00","breadcrumb":{"@id":"https:\/\/equippingmyhouse.com\/es\/aviso-legal\/#breadcrumb"},"inLanguage":"es","potentialAction":[{"@type":"ReadAction","target":["https:\/\/equippingmyhouse.com\/es\/aviso-legal\/"]}]},{"@type":"ImageObject","inLanguage":"es","@id":"https:\/\/equippingmyhouse.com\/es\/aviso-legal\/#primaryimage","url":"https:\/\/equippingmyhouse.com\/es\/wp-content\/uploads\/2024\/02\/datos-personales.png","contentUrl":"https:\/\/equippingmyhouse.com\/es\/wp-content\/uploads\/2024\/02\/datos-personales.png","width":812,"height":184},{"@type":"BreadcrumbList","@id":"https:\/\/equippingmyhouse.com\/es\/aviso-legal\/#breadcrumb","itemListElement":[{"@type":"ListItem","position":1,"name":"Portada","item":"https:\/\/equippingmyhouse.com\/es\/"},{"@type":"ListItem","position":2,"name":"Aviso Legal"}]},{"@type":"WebSite","@id":"https:\/\/equippingmyhouse.com\/es\/#website","url":"https:\/\/equippingmyhouse.com\/es\/","name":"Equipping My House","description":"\u00a1Por qu\u00e9 As\u00ed se ve mejor!","publisher":{"@id":"https:\/\/equippingmyhouse.com\/es\/#organization"},"potentialAction":[{"@type":"SearchAction","target":{"@type":"EntryPoint","urlTemplate":"https:\/\/equippingmyhouse.com\/es\/?s={search_term_string}"},"query-input":"required name=search_term_string"}],"inLanguage":"es"},{"@type":"Organization","@id":"https:\/\/equippingmyhouse.com\/es\/#organization","name":"Equipping My House","url":"https:\/\/equippingmyhouse.com\/es\/","logo":{"@type":"ImageObject","inLanguage":"es","@id":"https:\/\/equippingmyhouse.com\/es\/#\/schema\/logo\/image\/","url":"https:\/\/equippingmyhouse.com\/es\/wp-content\/uploads\/2024\/02\/cropped-equippingmyhouse-Logo2.webp","contentUrl":"https:\/\/equippingmyhouse.com\/es\/wp-content\/uploads\/2024\/02\/cropped-equippingmyhouse-Logo2.webp","width":1882,"height":822,"caption":"Equipping My House"},"image":{"@id":"https:\/\/equippingmyhouse.com\/es\/#\/schema\/logo\/image\/"}}]}},"_links":{"self":[{"href":"https:\/\/equippingmyhouse.com\/es\/wp-json\/wp\/v2\/pages\/151","targetHints":{"allow":["GET"]}}],"collection":[{"href":"https:\/\/equippingmyhouse.com\/es\/wp-json\/wp\/v2\/pages"}],"about":[{"href":"https:\/\/equippingmyhouse.com\/es\/wp-json\/wp\/v2\/types\/page"}],"author":[{"embeddable":true,"href":"https:\/\/equippingmyhouse.com\/es\/wp-json\/wp\/v2\/users\/1"}],"replies":[{"embeddable":true,"href":"https:\/\/equippingmyhouse.com\/es\/wp-json\/wp\/v2\/comments?post=151"}],"version-history":[{"count":2,"href":"https:\/\/equippingmyhouse.com\/es\/wp-json\/wp\/v2\/pages\/151\/revisions"}],"predecessor-version":[{"id":300,"href":"https:\/\/equippingmyhouse.com\/es\/wp-json\/wp\/v2\/pages\/151\/revisions\/300"}],"wp:attachment":[{"href":"https:\/\/equippingmyhouse.com\/es\/wp-json\/wp\/v2\/media?parent=151"}],"curies":[{"name":"wp","href":"https:\/\/api.w.org\/{rel}","templated":true}]}}